{"id":842,"date":"2025-04-10T20:35:22","date_gmt":"2025-04-10T20:35:22","guid":{"rendered":"https:\/\/greenbridgefacility.com\/publications\/"},"modified":"2025-12-09T19:56:39","modified_gmt":"2025-12-09T19:56:39","slug":"publicacoes","status":"publish","type":"page","link":"https:\/\/greenbridgefacility.com\/pt-br\/publicacoes\/","title":{"rendered":"Publica\u00e7\u00f5es"},"content":{"rendered":"\t\t<div data-elementor-type=\"wp-page\" data-elementor-id=\"842\" class=\"elementor elementor-842 elementor-454\">\n\t\t\t\t<div class=\"elementor-element elementor-element-7bc773a e-flex e-con-boxed e-con e-parent\" data-id=\"7bc773a\" data-element_type=\"container\" data-e-type=\"container\">\n\t\t\t\t\t<div class=\"e-con-inner\">\n\t\t\t\t<div class=\"elementor-element elementor-element-bfba7a3 elementor-widget elementor-widget-spacer\" data-id=\"bfba7a3\" data-element_type=\"widget\" data-e-type=\"widget\" data-widget_type=\"spacer.default\">\n\t\t\t\t<div class=\"elementor-widget-container\">\n\t\t\t\t\t\t\t<div class=\"elementor-spacer\">\n\t\t\t<div class=\"elementor-spacer-inner\"><\/div>\n\t\t<\/div>\n\t\t\t\t\t\t<\/div>\n\t\t\t\t<\/div>\n\t\t<div class=\"elementor-element elementor-element-6416b05 e-con-full e-flex e-con e-child\" data-id=\"6416b05\" data-element_type=\"container\" data-e-type=\"container\" data-settings=\"{&quot;background_background&quot;:&quot;classic&quot;}\">\n\t\t\t\t<div class=\"elementor-element elementor-element-a96f0bb elementor-widget elementor-widget-heading\" data-id=\"a96f0bb\" data-element_type=\"widget\" data-e-type=\"widget\" data-widget_type=\"heading.default\">\n\t\t\t\t<div class=\"elementor-widget-container\">\n\t\t\t\t\t<h2 class=\"elementor-heading-title elementor-size-default\">Publica\u00e7\u00f5es<\/h2>\t\t\t\t<\/div>\n\t\t\t\t<\/div>\n\t\t\t\t<div class=\"elementor-element elementor-element-e4107c5 elementor-widget-divider--view-line elementor-widget elementor-widget-divider\" data-id=\"e4107c5\" data-element_type=\"widget\" data-e-type=\"widget\" data-widget_type=\"divider.default\">\n\t\t\t\t<div class=\"elementor-widget-container\">\n\t\t\t\t\t\t\t<div class=\"elementor-divider\">\n\t\t\t<span class=\"elementor-divider-separator\">\n\t\t\t\t\t\t<\/span>\n\t\t<\/div>\n\t\t\t\t\t\t<\/div>\n\t\t\t\t<\/div>\n\t\t\t\t<\/div>\n\t\t\t\t<div class=\"elementor-element elementor-element-76d7aef elementor-widget elementor-widget-spacer\" data-id=\"76d7aef\" data-element_type=\"widget\" data-e-type=\"widget\" data-widget_type=\"spacer.default\">\n\t\t\t\t<div class=\"elementor-widget-container\">\n\t\t\t\t\t\t\t<div class=\"elementor-spacer\">\n\t\t\t<div class=\"elementor-spacer-inner\"><\/div>\n\t\t<\/div>\n\t\t\t\t\t\t<\/div>\n\t\t\t\t<\/div>\n\t\t\t\t\t<\/div>\n\t\t\t\t<\/div>\n\t\t<div class=\"elementor-element elementor-element-33e758c e-flex e-con-boxed e-con e-parent\" data-id=\"33e758c\" data-element_type=\"container\" data-e-type=\"container\">\n\t\t\t\t\t<div class=\"e-con-inner\">\n\t\t\t\t<div class=\"elementor-element elementor-element-c15862b elementor-widget elementor-widget-qi_addons_for_elementor_blog_list\" data-id=\"c15862b\" data-element_type=\"widget\" data-e-type=\"widget\" data-widget_type=\"qi_addons_for_elementor_blog_list.default\">\n\t\t\t\t<div class=\"elementor-widget-container\">\n\t\t\t\t\t<div class=\"qodef-shortcode qodef-m qodef-addons-blog-list qodef-info-no-icons qodef-image--hover-zoom qodef-qi-grid qodef-layout--qi-columns qodef-col-num--3 qodef-item-layout--boxed qodef-responsive--predefined\" >\n\t<div class=\"qodef-grid-inner\">\n\t\t<article class=\"qodef-e qodef-blog-item qodef-grid-item qodef-item--full post-909 post type-post status-publish format-standard hentry category-publicacoes\">\n\t<div class=\"qodef-e-inner\">\n\t\t<div class=\"qodef-e-media-holder\">\n\t\t\t\t\t<\/div>\n\t\t<div class=\"qodef-e-content\">\n\t\t\t\t\t\t\t<div class=\"qodef-e-info qodef-info--top\">\n\t\t\t\t\t<div class=\"qodef-e-info-item qodef-e-info-category\">\n\t\t<a href=\"https:\/\/greenbridgefacility.com\/pt-br\/category\/publicacoes\/\" rel=\"category tag\">Publica\u00e7\u00f5es<\/a><\/div>\n\t\t\t\t<\/div>\n\t\t\t\t\t\t<div class=\"qodef-e-text\">\n\t\t\t\t<h5 itemprop=\"name\" class=\"qodef-e-title entry-title\">\n\t<a itemprop=\"url\" class=\"qodef-e-title-link\" href=\"https:\/\/greenbridgefacility.com\/pt-br\/transforming-territories-through-place-based-regeneration-and-hospitality\/\">\n\t\tTransforma\u00e7\u00e3o de Territ\u00f3rios por meio da Regenera\u00e7\u00e3o Baseada no Lugar e da Hospitalidade\t<\/a>\n<\/h5>\n\t\t<p itemprop=\"description\" class=\"qodef-e-excerpt\">\n\t\t\tEm todo o mundo, o setor de viagens e turismo atravessa um ponto de inflex\u00e3o hist\u00f3rico. Press\u00f5es crescentes decorrentes das mudan\u00e7as clim\u00e1ticas, da perda de biodiversidade, do\t\t<\/p>\n\t\t\t\t<\/div>\n\t\t\t\t\t\t\t<div class=\"qodef-e-info qodef-info--bottom\">\n\t\t\t\t\t\t<div class=\"qodef-e-read-more\">\n\t\t<a class=\"qodef-shortcode qodef-m qodef-qi-button qodef-html--link qodef-layout--filled qodef-type--standard qodef-icon--right qodef-hover--icon-move-horizontal-short\" href=\"https:\/\/greenbridgefacility.com\/pt-br\/transforming-territories-through-place-based-regeneration-and-hospitality\/\" target=\"_self\">\t<span class=\"qodef-m-text\">+<\/span>\t<\/a>\t<\/div>\n\t\t\t\t<\/div>\n\t\t\t\t\t<\/div>\n\t<\/div>\n<\/article>\n<article class=\"qodef-e qodef-blog-item qodef-grid-item qodef-item--full post-886 post type-post status-publish format-standard hentry category-publicacoes\">\n\t<div class=\"qodef-e-inner\">\n\t\t<div class=\"qodef-e-media-holder\">\n\t\t\t\t\t<\/div>\n\t\t<div class=\"qodef-e-content\">\n\t\t\t\t\t\t\t<div class=\"qodef-e-info qodef-info--top\">\n\t\t\t\t\t<div class=\"qodef-e-info-item qodef-e-info-category\">\n\t\t<a href=\"https:\/\/greenbridgefacility.com\/pt-br\/category\/publicacoes\/\" rel=\"category tag\">Publica\u00e7\u00f5es<\/a><\/div>\n\t\t\t\t<\/div>\n\t\t\t\t\t\t<div class=\"qodef-e-text\">\n\t\t\t\t<h5 itemprop=\"name\" class=\"qodef-e-title entry-title\">\n\t<a itemprop=\"url\" class=\"qodef-e-title-link\" href=\"https:\/\/greenbridgefacility.com\/pt-br\/private-sector-roadmap-for-a-sustainable-amazonia\/\">\n\t\tPrivate Sector Roadmap for a Sustainable Amazonia\t<\/a>\n<\/h5>\n\t\t<p itemprop=\"description\" class=\"qodef-e-excerpt\">\n\t\t\tA regi\u00e3o Pan-Amaz\u00f4nica \u2013 que abrange partes do Brasil, Bol\u00edvia, Peru, Equador, Col\u00f4mbia, Venezuela, Guiana e Suriname \u2013 est\u00e1 se aproximando de um ponto de inflex\u00e3o cr\u00edti\t\t<\/p>\n\t\t\t\t<\/div>\n\t\t\t\t\t\t\t<div class=\"qodef-e-info qodef-info--bottom\">\n\t\t\t\t\t\t<div class=\"qodef-e-read-more\">\n\t\t<a class=\"qodef-shortcode qodef-m qodef-qi-button qodef-html--link qodef-layout--filled qodef-type--standard qodef-icon--right qodef-hover--icon-move-horizontal-short\" href=\"https:\/\/greenbridgefacility.com\/pt-br\/private-sector-roadmap-for-a-sustainable-amazonia\/\" target=\"_self\">\t<span class=\"qodef-m-text\">+<\/span>\t<\/a>\t<\/div>\n\t\t\t\t<\/div>\n\t\t\t\t\t<\/div>\n\t<\/div>\n<\/article>\n<article class=\"qodef-e qodef-blog-item qodef-grid-item qodef-item--full post-863 post type-post status-publish format-standard hentry category-publicacoes tag-agricultura-regenerativa tag-bioeconomia tag-crime-ambiental tag-desmatamento-ilegal tag-governanca-fundiaria tag-green-bridge-facility tag-investimento-verde tag-manual-de-risco-ambiental tag-risco-territorial tag-solucoes-baseadas-na-natureza\">\n\t<div class=\"qodef-e-inner\">\n\t\t<div class=\"qodef-e-media-holder\">\n\t\t\t\t\t<\/div>\n\t\t<div class=\"qodef-e-content\">\n\t\t\t\t\t\t\t<div class=\"qodef-e-info qodef-info--top\">\n\t\t\t\t\t<div class=\"qodef-e-info-item qodef-e-info-category\">\n\t\t<a href=\"https:\/\/greenbridgefacility.com\/pt-br\/category\/publicacoes\/\" rel=\"category tag\">Publica\u00e7\u00f5es<\/a><\/div>\n\t\t\t\t<\/div>\n\t\t\t\t\t\t<div class=\"qodef-e-text\">\n\t\t\t\t<h5 itemprop=\"name\" class=\"qodef-e-title entry-title\">\n\t<a itemprop=\"url\" class=\"qodef-e-title-link\" href=\"https:\/\/greenbridgefacility.com\/pt-br\/territorial-risk-manual\/\">\n\t\tTerritorial Risk Manual\t<\/a>\n<\/h5>\n\t\t<p itemprop=\"description\" class=\"qodef-e-excerpt\">\n\t\t\tAtrav\u00e9s da Green Bridge Facility e com o apoio do Nature Investment Lab (NIL), o Instituto Igarap\u00e9 desenvolveu o Manual de Risco Territorial, uma ferramenta inovadora criada para\t\t<\/p>\n\t\t\t\t<\/div>\n\t\t\t\t\t\t\t<div class=\"qodef-e-info qodef-info--bottom\">\n\t\t\t\t\t\t<div class=\"qodef-e-read-more\">\n\t\t<a class=\"qodef-shortcode qodef-m qodef-qi-button qodef-html--link qodef-layout--filled qodef-type--standard qodef-icon--right qodef-hover--icon-move-horizontal-short\" href=\"https:\/\/greenbridgefacility.com\/pt-br\/territorial-risk-manual\/\" target=\"_self\">\t<span class=\"qodef-m-text\">+<\/span>\t<\/a>\t<\/div>\n\t\t\t\t<\/div>\n\t\t\t\t\t<\/div>\n\t<\/div>\n<\/article>\n<article class=\"qodef-e qodef-blog-item qodef-grid-item qodef-item--full post-864 post type-post status-publish format-standard hentry category-publicacoes\">\n\t<div class=\"qodef-e-inner\">\n\t\t<div class=\"qodef-e-media-holder\">\n\t\t\t\t\t<\/div>\n\t\t<div class=\"qodef-e-content\">\n\t\t\t\t\t\t\t<div class=\"qodef-e-info qodef-info--top\">\n\t\t\t\t\t<div class=\"qodef-e-info-item qodef-e-info-category\">\n\t\t<a href=\"https:\/\/greenbridgefacility.com\/pt-br\/category\/publicacoes\/\" rel=\"category tag\">Publica\u00e7\u00f5es<\/a><\/div>\n\t\t\t\t<\/div>\n\t\t\t\t\t\t<div class=\"qodef-e-text\">\n\t\t\t\t<h5 itemprop=\"name\" class=\"qodef-e-title entry-title\">\n\t<a itemprop=\"url\" class=\"qodef-e-title-link\" href=\"https:\/\/greenbridgefacility.com\/pt-br\/metodo-know-your-territory\/\">\n\t\tM\u00e9todo KNOW YOUR TERRITORY\t<\/a>\n<\/h5>\n\t\t<p itemprop=\"description\" class=\"qodef-e-excerpt\">\n\t\t\tDesafios coletivos \u2013 como falhas na governan\u00e7a fundi\u00e1ria, inseguran\u00e7a, informalidade, ilegalidade e regulamenta\u00e7\u00f5es complexas \u2013 criam um clima de neg\u00f3cios desfavor\u00e1vel p\t\t<\/p>\n\t\t\t\t<\/div>\n\t\t\t\t\t\t\t<div class=\"qodef-e-info qodef-info--bottom\">\n\t\t\t\t\t\t<div class=\"qodef-e-read-more\">\n\t\t<a class=\"qodef-shortcode qodef-m qodef-qi-button qodef-html--link qodef-layout--filled qodef-type--standard qodef-icon--right qodef-hover--icon-move-horizontal-short\" href=\"https:\/\/greenbridgefacility.com\/pt-br\/metodo-know-your-territory\/\" target=\"_self\">\t<span class=\"qodef-m-text\">+<\/span>\t<\/a>\t<\/div>\n\t\t\t\t<\/div>\n\t\t\t\t\t<\/div>\n\t<\/div>\n<\/article>\n\t<\/div>\n\t<\/div>\n\t\t\t\t<\/div>\n\t\t\t\t<\/div>\n\t\t\t\t\t<\/div>\n\t\t\t\t<\/div>\n\t\t<div class=\"elementor-element elementor-element-1f6bf07 e-flex e-con-boxed e-con e-parent\" data-id=\"1f6bf07\" data-element_type=\"container\" data-e-type=\"container\">\n\t\t\t\t\t<div class=\"e-con-inner\">\n\t\t\t\t<div class=\"elementor-element elementor-element-d7fa30c elementor-widget elementor-widget-spacer\" data-id=\"d7fa30c\" data-element_type=\"widget\" data-e-type=\"widget\" data-widget_type=\"spacer.default\">\n\t\t\t\t<div class=\"elementor-widget-container\">\n\t\t\t\t\t\t\t<div class=\"elementor-spacer\">\n\t\t\t<div class=\"elementor-spacer-inner\"><\/div>\n\t\t<\/div>\n\t\t\t\t\t\t<\/div>\n\t\t\t\t<\/div>\n\t\t\t\t\t<\/div>\n\t\t\t\t<\/div>\n\t\t\t\t<\/div>\n\t\t","protected":false},"excerpt":{"rendered":"<p>Publica\u00e7\u00f5es No posts were found for provided query parameters.<\/p>\n","protected":false},"author":2,"featured_media":0,"parent":0,"menu_order":0,"comment_status":"closed","ping_status":"closed","template":"elementor_header_footer","meta":{"footnotes":""},"class_list":["post-842","page","type-page","status-publish","hentry"],"yoast_head":"<!-- This site is optimized with the Yoast SEO plugin v24.0 - https:\/\/yoast.com\/wordpress\/plugins\/seo\/ -->\n<title>Publica\u00e7\u00f5es - Green Bridge Facility<\/title>\n<meta name=\"robots\" content=\"index, follow, max-snippet:-1, max-image-preview:large, max-video-preview:-1\" \/>\n<link rel=\"canonical\" href=\"https:\/\/greenbridgefacility.com\/pt-br\/publicacoes\/\" \/>\n<meta property=\"og:locale\" content=\"pt_BR\" \/>\n<meta property=\"og:type\" content=\"article\" \/>\n<meta property=\"og:title\" content=\"Publica\u00e7\u00f5es - Green Bridge Facility\" \/>\n<meta property=\"og:description\" content=\"Publica\u00e7\u00f5es No posts were found for provided query parameters.\" \/>\n<meta property=\"og:url\" content=\"https:\/\/greenbridgefacility.com\/pt-br\/publicacoes\/\" \/>\n<meta property=\"og:site_name\" content=\"Green Bridge Facility\" \/>\n<meta property=\"article:modified_time\" content=\"2025-12-09T19:56:39+00:00\" \/>\n<meta name=\"twitter:card\" content=\"summary_large_image\" \/>\n<meta name=\"twitter:label1\" content=\"Est. tempo de leitura\" \/>\n\t<meta name=\"twitter:data1\" content=\"1 minuto\" \/>\n<script type=\"application\/ld+json\" class=\"yoast-schema-graph\">{\"@context\":\"https:\/\/schema.org\",\"@graph\":[{\"@type\":\"WebPage\",\"@id\":\"https:\/\/greenbridgefacility.com\/pt-br\/publicacoes\/\",\"url\":\"https:\/\/greenbridgefacility.com\/pt-br\/publicacoes\/\",\"name\":\"Publica\u00e7\u00f5es - Green Bridge Facility\",\"isPartOf\":{\"@id\":\"https:\/\/greenbridgefacility.com\/pt-br\/#website\"},\"datePublished\":\"2025-04-10T20:35:22+00:00\",\"dateModified\":\"2025-12-09T19:56:39+00:00\",\"breadcrumb\":{\"@id\":\"https:\/\/greenbridgefacility.com\/pt-br\/publicacoes\/#breadcrumb\"},\"inLanguage\":\"pt-BR\",\"potentialAction\":[{\"@type\":\"ReadAction\",\"target\":[\"https:\/\/greenbridgefacility.com\/pt-br\/publicacoes\/\"]}]},{\"@type\":\"BreadcrumbList\",\"@id\":\"https:\/\/greenbridgefacility.com\/pt-br\/publicacoes\/#breadcrumb\",\"itemListElement\":[{\"@type\":\"ListItem\",\"position\":1,\"name\":\"Home\",\"item\":\"https:\/\/greenbridgefacility.com\/pt-br\/\"},{\"@type\":\"ListItem\",\"position\":2,\"name\":\"Publica\u00e7\u00f5es\"}]},{\"@type\":\"WebSite\",\"@id\":\"https:\/\/greenbridgefacility.com\/pt-br\/#website\",\"url\":\"https:\/\/greenbridgefacility.com\/pt-br\/\",\"name\":\"Green Bridge Facility\",\"description\":\"\",\"potentialAction\":[{\"@type\":\"SearchAction\",\"target\":{\"@type\":\"EntryPoint\",\"urlTemplate\":\"https:\/\/greenbridgefacility.com\/pt-br\/?s={search_term_string}\"},\"query-input\":{\"@type\":\"PropertyValueSpecification\",\"valueRequired\":true,\"valueName\":\"search_term_string\"}}],\"inLanguage\":\"pt-BR\"}]}<\/script>\n<!-- \/ Yoast SEO plugin. -->","yoast_head_json":{"title":"Publica\u00e7\u00f5es - Green Bridge Facility","robots":{"index":"index","follow":"follow","max-snippet":"max-snippet:-1","max-image-preview":"max-image-preview:large","max-video-preview":"max-video-preview:-1"},"canonical":"https:\/\/greenbridgefacility.com\/pt-br\/publicacoes\/","og_locale":"pt_BR","og_type":"article","og_title":"Publica\u00e7\u00f5es - Green Bridge Facility","og_description":"Publica\u00e7\u00f5es No posts were found for provided query parameters.","og_url":"https:\/\/greenbridgefacility.com\/pt-br\/publicacoes\/","og_site_name":"Green Bridge Facility","article_modified_time":"2025-12-09T19:56:39+00:00","twitter_card":"summary_large_image","twitter_misc":{"Est. tempo de leitura":"1 minuto"},"schema":{"@context":"https:\/\/schema.org","@graph":[{"@type":"WebPage","@id":"https:\/\/greenbridgefacility.com\/pt-br\/publicacoes\/","url":"https:\/\/greenbridgefacility.com\/pt-br\/publicacoes\/","name":"Publica\u00e7\u00f5es - Green Bridge Facility","isPartOf":{"@id":"https:\/\/greenbridgefacility.com\/pt-br\/#website"},"datePublished":"2025-04-10T20:35:22+00:00","dateModified":"2025-12-09T19:56:39+00:00","breadcrumb":{"@id":"https:\/\/greenbridgefacility.com\/pt-br\/publicacoes\/#breadcrumb"},"inLanguage":"pt-BR","potentialAction":[{"@type":"ReadAction","target":["https:\/\/greenbridgefacility.com\/pt-br\/publicacoes\/"]}]},{"@type":"BreadcrumbList","@id":"https:\/\/greenbridgefacility.com\/pt-br\/publicacoes\/#breadcrumb","itemListElement":[{"@type":"ListItem","position":1,"name":"Home","item":"https:\/\/greenbridgefacility.com\/pt-br\/"},{"@type":"ListItem","position":2,"name":"Publica\u00e7\u00f5es"}]},{"@type":"WebSite","@id":"https:\/\/greenbridgefacility.com\/pt-br\/#website","url":"https:\/\/greenbridgefacility.com\/pt-br\/","name":"Green Bridge Facility","description":"","potentialAction":[{"@type":"SearchAction","target":{"@type":"EntryPoint","urlTemplate":"https:\/\/greenbridgefacility.com\/pt-br\/?s={search_term_string}"},"query-input":{"@type":"PropertyValueSpecification","valueRequired":true,"valueName":"search_term_string"}}],"inLanguage":"pt-BR"}]}},"_links":{"self":[{"href":"https:\/\/greenbridgefacility.com\/pt-br\/wp-json\/wp\/v2\/pages\/842","targetHints":{"allow":["GET"]}}],"collection":[{"href":"https:\/\/greenbridgefacility.com\/pt-br\/wp-json\/wp\/v2\/pages"}],"about":[{"href":"https:\/\/greenbridgefacility.com\/pt-br\/wp-json\/wp\/v2\/types\/page"}],"author":[{"embeddable":true,"href":"https:\/\/greenbridgefacility.com\/pt-br\/wp-json\/wp\/v2\/users\/2"}],"replies":[{"embeddable":true,"href":"https:\/\/greenbridgefacility.com\/pt-br\/wp-json\/wp\/v2\/comments?post=842"}],"version-history":[{"count":4,"href":"https:\/\/greenbridgefacility.com\/pt-br\/wp-json\/wp\/v2\/pages\/842\/revisions"}],"predecessor-version":[{"id":850,"href":"https:\/\/greenbridgefacility.com\/pt-br\/wp-json\/wp\/v2\/pages\/842\/revisions\/850"}],"wp:attachment":[{"href":"https:\/\/greenbridgefacility.com\/pt-br\/wp-json\/wp\/v2\/media?parent=842"}],"curies":[{"name":"wp","href":"https:\/\/api.w.org\/{rel}","templated":true}]}}